{"id":230,"date":"2021-02-15T16:29:01","date_gmt":"2021-02-15T15:29:01","guid":{"rendered":"http:\/\/demo.themegrill.com\/radiate\/?page_id=2"},"modified":"2025-03-30T17:57:15","modified_gmt":"2025-03-30T16:57:15","slug":"angebote","status":"publish","type":"page","link":"https:\/\/kreativ-gegen-depression.de\/?page_id=230","title":{"rendered":"Online-Angebote"},"content":{"rendered":"\n<p><strong>Mit drei Online-Angeboten wollen wir euch unterst\u00fctzen:<\/strong><\/p>\n\n\n\n<figure class=\"wp-block-image size-large\"><img loading=\"lazy\" decoding=\"async\" width=\"517\" height=\"226\" src=\"https:\/\/kreativ-gegen-depression.de\/wp-content\/uploads\/2021\/02\/slide_image-2.jpg\" alt=\"\" class=\"wp-image-404\" srcset=\"https:\/\/kreativ-gegen-depression.de\/wp-content\/uploads\/2021\/02\/slide_image-2.jpg 517w, https:\/\/kreativ-gegen-depression.de\/wp-content\/uploads\/2021\/02\/slide_image-2-300x131.jpg 300w\" sizes=\"auto, (max-width: 517px) 100vw, 517px\" \/><\/figure>\n\n\n\n<p><span style=\"color:#0693e3\" class=\"tadv-color\">Wir beantworten eure Fragen, welche ihr in unserem Online-Formular \u00fcbermittelt.<\/span><\/p>\n\n\n\n<p>Wir bieten euch Links zu interessanten Online-Materialien zum Lesen.<\/p>\n\n\n\n<p><span class=\"tadv-color\" style=\"color:#cf2e2e\">Wir laden euch ein, an unserer Online-Selbsthilfegruppe \u00fcber Jitsi meet teilzunehmen.<\/span><\/p>\n\n\n\n<blockquote class=\"wp-block-quote is-layout-flow wp-block-quote-is-layout-flow\">\n<p>Selbsthilfe hat den Grundgedanken, pers\u00f6nliche Probleme aus eigener Kraft beziehungsweise zusammen mit anderen Menschen mit gemeinsamer Anstrengung zu bearbeiten. Selbsthilfe ist eine Hilfeleistung durch Eigeninitiative und Eigenverantwortung, die unentgeltlich erbracht wird und f\u00fcr die keine spezielle Ausbildung erforderlich ist &#8211; dadurch unterscheidet sie sich von der Fremdhilfe. Sie kann w\u00e4hrend einer Krankheit eine gute Erg\u00e4nzung zu professionellen Hilfsangeboten darstellen. Auch vermag sie dabei zu helfen, dass Wiedererkrankungsrisiko von Patienten zu senken oder auch Angeh\u00f6rigen den Umgang mit einer schwierigen Lebenssituation aufgrund einer Erkrankung in der Familie zu erleichtern.<\/p>\n<\/blockquote>\n","protected":false},"excerpt":{"rendered":"<p>Sich wieder auf sich selbst zu besinnen, die Kraft aufzubringen, mit Anderen \u00fcber die eigenen Gef\u00fchle zu reden, und sich sicher zu sein, dass daraus keine negativen Folgen erwachsen, Freude am Leben und seiner Umwelt wieder zu finden, das Hier und Jetzt neu zu bewerten, Licht am Ende des Tunnels zu erkennen; dies sind einige Erfahrungen, die sich aus Monaten therapeutischer Behandlung ergeben k\u00f6nnen.<\/p>\n","protected":false},"author":1,"featured_media":0,"parent":0,"menu_order":0,"comment_status":"closed","ping_status":"closed","template":"","meta":{"footnotes":""},"class_list":["post-230","page","type-page","status-publish","hentry"],"_links":{"self":[{"href":"https:\/\/kreativ-gegen-depression.de\/index.php?rest_route=\/wp\/v2\/pages\/230","targetHints":{"allow":["GET"]}}],"collection":[{"href":"https:\/\/kreativ-gegen-depression.de\/index.php?rest_route=\/wp\/v2\/pages"}],"about":[{"href":"https:\/\/kreativ-gegen-depression.de\/index.php?rest_route=\/wp\/v2\/types\/page"}],"author":[{"embeddable":true,"href":"https:\/\/kreativ-gegen-depression.de\/index.php?rest_route=\/wp\/v2\/users\/1"}],"replies":[{"embeddable":true,"href":"https:\/\/kreativ-gegen-depression.de\/index.php?rest_route=%2Fwp%2Fv2%2Fcomments&post=230"}],"version-history":[{"count":6,"href":"https:\/\/kreativ-gegen-depression.de\/index.php?rest_route=\/wp\/v2\/pages\/230\/revisions"}],"predecessor-version":[{"id":941,"href":"https:\/\/kreativ-gegen-depression.de\/index.php?rest_route=\/wp\/v2\/pages\/230\/revisions\/941"}],"wp:attachment":[{"href":"https:\/\/kreativ-gegen-depression.de\/index.php?rest_route=%2Fwp%2Fv2%2Fmedia&parent=230"}],"curies":[{"name":"wp","href":"https:\/\/api.w.org\/{rel}","templated":true}]}}