{"id":4,"date":"2021-02-16T13:16:47","date_gmt":"2021-02-16T12:16:47","guid":{"rendered":"https:\/\/kreativ-gegen-depression.de\/?page_id=4"},"modified":"2025-03-30T17:55:59","modified_gmt":"2025-03-30T16:55:59","slug":"willkommen","status":"publish","type":"page","link":"https:\/\/kreativ-gegen-depression.de\/","title":{"rendered":"Willkommen auf &#8222;Kreativ gegen Depression&#8220;"},"content":{"rendered":"\n<p><img loading=\"lazy\" decoding=\"async\" class=\"wp-image-450 alignright\" src=\"https:\/\/kreativ-gegen-depression.de\/wp-content\/uploads\/2021\/02\/siegel-kombiniert-300x300.png\" alt=\"\" width=\"94\" height=\"94\" srcset=\"https:\/\/kreativ-gegen-depression.de\/wp-content\/uploads\/2021\/02\/siegel-kombiniert-300x300.png 300w, https:\/\/kreativ-gegen-depression.de\/wp-content\/uploads\/2021\/02\/siegel-kombiniert-150x150.png 150w, https:\/\/kreativ-gegen-depression.de\/wp-content\/uploads\/2021\/02\/siegel-kombiniert.png 423w\" sizes=\"auto, (max-width: 94px) 100vw, 94px\" \/><\/p>\n\n\n\n<div class=\"wp-block-group\"><div class=\"wp-block-group__inner-container is-layout-flow wp-block-group-is-layout-flow\">\n<h2 class=\"wp-block-heading\"><strong>Das Projekt DepriBuddy sucht Beta-Tester f\u00fcr eine neue App<\/strong><\/h2>\n\n\n\n<p>Im Projekt wollen wir eine App entwickeln, die speziell daf\u00fcr geeignet sein soll, Menschen mit depressiven Episoden oder anderen psychischen Herausforderungen zu verbinden und \/ oder Mitglieder von Selbsthilfegruppen untereinander in Verbindung zu halten. Die App soll \u00fcber m\u00f6glichst anregende Angebote im Bereich gemeinsamer Freizeitgestaltung die Welt etwas bunter machen und \u00fcber die F\u00f6rderung gemeinsamer Alltagsbew\u00e4ltigung bei der Erledigung von anstehenden Alltagsaufgaben helfen. Dazu haben wir schon einige Ideen, zu denen wir gern die Meinung der Zielgruppe einholen und weitere W\u00fcnsche oder Anregungen aufnehmen w\u00fcrden.<\/p>\n\n\n\n<p>Und hier kommen Sie ins Spiel, wenn Sie m\u00f6chten:<br>Um die Bed\u00fcrfnisse der zuk\u00fcnftigen Nutzer:innen unserer App bestm\u00f6glich zu verstehen und ihnen gerecht zu werden, brauchen wir Tester:innen, die uns Anregungen zur Gestaltung und zu den gew\u00fcnschten Funktionalit\u00e4ten der App geben m\u00f6chten, die Lust haben, den entstehenden Prototypen w\u00e4hrend des insgesamt dreij\u00e4hrigen Zeitraums der Entwicklung auszuprobieren, und uns Feedback und Kritik zu geben. So m\u00f6chten wir die Gestaltung und Entwicklung von Anfang an in die f\u00fcr die Zielgruppe w\u00fcnschenswerten Bahnen lenken.<\/p>\n\n\n\n<p>Wenn Sie Lust haben mitzumachen, reicht eine kurze Mail an <a href=\"mailto:buddy@projektdepribuddy.de\">buddy@projektdepribuddy.de<\/a> oder das Ausf\u00fcllen unseres Kontaktformulars: <a href=\"https:\/\/www.projektdepribuddy.de\/kontakt\">https:\/\/www.projektdepribuddy.de\/kontakt<\/a>. Hier gibt\u2019s auch weitere Infos: <a href=\"https:\/\/www.projektdepribuddy.de\">https:\/\/www.projektdepribuddy.de<\/a><\/p>\n\n\n\n<p><a rel=\"noreferrer noopener\" href=\"https:\/\/projektdepribuddy.de\/mitmachen\" type=\"URL\" id=\"https:\/\/projektdepribuddy.de\/mitmachen\" target=\"_blank\" class=\"broken_link\">Mitmachen <\/a>erw\u00fcnscht. Hier geht&#8217;s zum <a rel=\"noreferrer noopener\" href=\"https:\/\/projektdepribuddy.de\/media\/pages\/home\/d07831a972-1691841458\/depribuddy-infoblatt-zum-download.pdf\" data-type=\"URL\" data-id=\"https:\/\/projektdepribuddy.de\/media\/pages\/home\/d07831a972-1691841458\/depribuddy-infoblatt-zum-download.pdf\" target=\"_blank\">Projektflyer <\/a>und hier der Link zur <a rel=\"noreferrer noopener\" href=\"https:\/\/projektdepribuddy.de\/projekt-infos\" data-type=\"URL\" data-id=\"https:\/\/projektdepribuddy.de\/projekt-infos\" target=\"_blank\">Projektwebsite<\/a> (Beitrag aktualisiert 9.11.2023)<\/p>\n<\/div><\/div>\n\n\n\n<blockquote class=\"wp-block-quote is-style-default is-layout-flow wp-block-quote-is-layout-flow\">\n<p>Noch immer liegt auf der Diagnose Depression das Negativimage des &#8222;Unnormalen&#8220;. Doch Depression ist nicht die Krankheit des Einzelnen. Der Einzelne spiegelt in seiner Erkrankung nur die depressiv entarteten Z\u00fcge in Wirtschaft und Gesellschaft. Egal welche Partei, welchen Arbeitgeberverband oder welche Gewerkschaft sie befragen und welche Interessen diese vertreten, sie alle kennen nur einen L\u00f6sungsweg &#8222;Wachstum&#8220;. Aber alles immer schneller, weiter, h\u00f6her beschleunigt nur das Rennen im Hamsterrad. Der depressive Mensch muss lernen auf seinen K\u00f6rper zu h\u00f6ren, sein Verhalten anzupassen, heraus aus dem Hamsterrad zu kommen. W\u00e4re es nicht besser, wenn dies auch in Wirtschaft und Gesellschaft so w\u00e4re und wir damit Depressionen vorbeugen k\u00f6nnten?!<\/p>\n<\/blockquote>\n\n\n<div class=\"wp-block-image\">\n<figure class=\"aligncenter size-large\"><img loading=\"lazy\" decoding=\"async\" width=\"800\" height=\"600\" src=\"https:\/\/kreativ-gegen-depression.de\/wp-content\/uploads\/2021\/02\/erklaerung.jpg\" alt=\"\" class=\"wp-image-492\" srcset=\"https:\/\/kreativ-gegen-depression.de\/wp-content\/uploads\/2021\/02\/erklaerung.jpg 800w, https:\/\/kreativ-gegen-depression.de\/wp-content\/uploads\/2021\/02\/erklaerung-300x225.jpg 300w, https:\/\/kreativ-gegen-depression.de\/wp-content\/uploads\/2021\/02\/erklaerung-768x576.jpg 768w\" sizes=\"auto, (max-width: 800px) 100vw, 800px\" \/><\/figure><\/div>\n\n\n<h2 class=\"wp-block-heading\">Facebook Beitr\u00e4ge<\/h2>\n\n\n\n<div class=\"wp-block-buttons is-layout-flex wp-block-buttons-is-layout-flex\">\n<div class=\"wp-block-button is-style-outline is-style-outline--2\"><a class=\"wp-block-button__link has-vivid-cyan-blue-color has-text-color wp-element-button\" href=\"https:\/\/www.facebook.com\/kreativgegendepression\/posts\/\" target=\"_blank\" rel=\"noreferrer noopener\">Zu Facebook wechseln<\/a><\/div>\n<\/div>\n\n\n\n<p><\/p>\n","protected":false},"excerpt":{"rendered":"<p>Aber wir haben uns schon immer selbst geholfen und deshalb gibt es auch hier eine Online-Selbsthilfegruppe, die zwar nur einen kleinen Teil abfangen kann, aber dies daf\u00fcr mit Mut und Engagement.<\/p>\n","protected":false},"author":1,"featured_media":0,"parent":0,"menu_order":0,"comment_status":"closed","ping_status":"closed","template":"","meta":{"footnotes":""},"class_list":["post-4","page","type-page","status-publish","hentry"],"_links":{"self":[{"href":"https:\/\/kreativ-gegen-depression.de\/index.php?rest_route=\/wp\/v2\/pages\/4","targetHints":{"allow":["GET"]}}],"collection":[{"href":"https:\/\/kreativ-gegen-depression.de\/index.php?rest_route=\/wp\/v2\/pages"}],"about":[{"href":"https:\/\/kreativ-gegen-depression.de\/index.php?rest_route=\/wp\/v2\/types\/page"}],"author":[{"embeddable":true,"href":"https:\/\/kreativ-gegen-depression.de\/index.php?rest_route=\/wp\/v2\/users\/1"}],"replies":[{"embeddable":true,"href":"https:\/\/kreativ-gegen-depression.de\/index.php?rest_route=%2Fwp%2Fv2%2Fcomments&post=4"}],"version-history":[{"count":39,"href":"https:\/\/kreativ-gegen-depression.de\/index.php?rest_route=\/wp\/v2\/pages\/4\/revisions"}],"predecessor-version":[{"id":940,"href":"https:\/\/kreativ-gegen-depression.de\/index.php?rest_route=\/wp\/v2\/pages\/4\/revisions\/940"}],"wp:attachment":[{"href":"https:\/\/kreativ-gegen-depression.de\/index.php?rest_route=%2Fwp%2Fv2%2Fmedia&parent=4"}],"curies":[{"name":"wp","href":"https:\/\/api.w.org\/{rel}","templated":true}]}}