{"id":701,"date":"2022-03-20T18:28:32","date_gmt":"2022-03-20T17:28:32","guid":{"rendered":"https:\/\/kreativ-gegen-depression.de\/?page_id=701"},"modified":"2025-03-30T18:02:17","modified_gmt":"2025-03-30T17:02:17","slug":"in-krisensituationen","status":"publish","type":"page","link":"https:\/\/kreativ-gegen-depression.de\/?page_id=701","title":{"rendered":"In Krisensituationen"},"content":{"rendered":"\n<p>Psychische Krisen k\u00f6nnen jeden Menschen treffen, unabh\u00e4ngig von Alter, Bildung, Beruf, Herkunft und sozialem Status. Dabei kann eine Krise aus einer kurzfristig einwirkenden Belastung wie einer Schockreaktion aufgrund einer realen Gefahrensituation resultieren oder die Folge einer l\u00e4nger andauernden, kumulativen Belastung sein. Die Ursachen f\u00fcr eine akute seelische Notlage sind vielf\u00e4ltig und k\u00f6nnen zum Beispiel durch Verlusterlebnisse oder Entt\u00e4uschungen, traumatische Erlebnisse, psychosoziale Konflikte, lebensver\u00e4ndernde Umst\u00e4nde oder Umbr\u00fcche, Entwurzelung oder Vereinsamung sowie psychische Erkrankungen wie Psychosen, Depressionen oder Angstst\u00f6rungen ausgel\u00f6st werden. Menschen mit vorbestehenden psychischen Erkrankungen weisen oft eine erh\u00f6hte Anf\u00e4lligkeit gegen\u00fcber krisenhaften Anl\u00e4ssen auf.<\/p>\n\n\n\n<p>Eine akute Krise beinhaltet den Verlust des inneren Gleichgewichts, den Menschen versp\u00fcren, wenn sie mit Situationen oder Lebensumst\u00e4nden konfrontiert werden, die sie momentan nicht bew\u00e4ltigen k\u00f6nnen, weil die gewohnten Verhaltensstrategien nicht greifen oder zusammenbrechen. In so einer Situation sind oft das Denken und das F\u00fchlen gest\u00f6rt. Die Gedanken drehen sich im Kreis, sind zerstreut und k\u00f6nnen nicht sinnvoll zu Ende gebracht werden. Manchmal sind die eigenen Gef\u00fchle nur schwer wahrnehmbar. Andererseits k\u00f6nnen sie auch so intensiv auftreten, dass sie schwer zu kontrollieren sind und beispielsweise Angst, Wut, Hoffnungslosigkeit, Einsamkeit oder Trauer als \u00fcberm\u00e4chtig und bedrohlich erscheinen. Grunds\u00e4tzlich k\u00f6nnen verschiedene Symptome mit unterschiedlicher Intensit\u00e4t auftreten, wie unter anderem Anspannung, Angst, Aggressivit\u00e4t, Verwirrtheit oder auch eine Verengung der Wahrnehmung bis hin zu Wahn und&nbsp;Halluzinationen.<\/p>\n\n\n\n<p>Sobald in einer entsprechenden Situation unmittelbare Selbst- oder Fremdgef\u00e4hrdung (insbesondere Suizidgef\u00e4hrdung) besteht, sollte man nicht z\u00f6gern, sofort einen psychiatrischen Notdienst, den&nbsp;<strong>Rettungsdienst (112)<\/strong>&nbsp;oder die <strong>Polizei (110)<\/strong> zu verst\u00e4ndigen.<\/p>\n\n\n\n<p><strong>Sollten Sie sich aktuell in einer psychischen Krise befinden, k\u00f6nnen Sie:<\/strong><\/p>\n\n\n\n<ul class=\"wp-block-list\">\n<li>zu Ihrem Arzt gehen oder ihn anrufen,<\/li>\n\n\n\n<li>Kontakt mit einer Klinik (bzw. einem Spital) mit psychiatrischer Abteilung aufnehmen,<\/li>\n\n\n\n<li>Kontakt mit dem \u00e4rztlichen (psychiatrischen) Bereitschaftsdienst (bundesweite Tel.: 116 117) aufnehmen,<\/li>\n\n\n\n<li>oder sich an ein Hilfs- bzw. Beratungsangebot f\u00fcr akute Krisensituationen wenden (siehe nachfolgend stehende Adressen):<\/li>\n<\/ul>\n\n\n\n<p><em><strong>Deutschland<\/strong><\/em><\/p>\n\n\n\n<ul class=\"wp-block-list\">\n<li><strong>Telefonseelsorge<\/strong><br><a href=\"http:\/\/www.telefonseelsorge.de\/\" target=\"_blank\" rel=\"noreferrer noopener\">www.telefonseelsorge.de<\/a><br>anonyme, kostenlose Beratung zu jeder Tages- und<br>Nachtzeit unter den bundesweiten Telefonnummern 0800 &#8211; 1110111 oder 0800 &#8211; 1110222 bzw.&nbsp;<a href=\"http:\/\/www.telefonseelsorge.de\/\" target=\"_blank\" rel=\"noreferrer noopener\">www.telefonseelsorge.de<\/a><\/li>\n\n\n\n<li><strong>Kinder- und Jugendtelefon \u201eNummer gegen Kummer\u201c&nbsp;<\/strong><a href=\"http:\/\/www.nummergegenkummer.de\/\" target=\"_blank\" rel=\"noreferrer noopener\" class=\"broken_link\">www.nummergegenkummer.de<\/a><br>kostenlose Beratung von Mo bis Fr 15.00 bis 19.00 Uhr unter der bundesweiten Telefonnummer: 0800 &#8211; 111 0 333<\/li>\n\n\n\n<li>in jeder deutschen Stadt gibt es Psychologische Beratungsstellen, Beratungsstellen f\u00fcr Ehe-, Familien- und Lebensfragen, Psychosoziale Beratungsstellen, Sozialpsychiatrische Dienste. Diese Einrichtungen stehen jedoch nicht rund um die Uhr zur Verf\u00fcgung und es m\u00fcssen ggf. Beratungstermine vereinbart werden &#8211; sie sind bei akuten Krisen nur bedingt hilfreich.<\/li>\n<\/ul>\n\n\n\n<p><em><strong>\u00d6sterreich<\/strong><\/em><\/p>\n\n\n\n<ul class=\"wp-block-list\">\n<li><strong>Telefonseelsorge<\/strong><br><a href=\"http:\/\/www.telefonseelsorge.at\/\" target=\"_blank\" rel=\"noreferrer noopener\">www.telefonseelsorge.at<\/a><br>anonyme, kostenlose Beratung zu jeder Tages- und Nachtzeit innerhalb jedes Bundeslandes unter der Telefonnummer 142<\/li>\n\n\n\n<li><strong>Die Psychiatrische Soforthilfe<\/strong><br><a href=\"https:\/\/psd-wien.at\/information\/sozialpsychiatrischer-notdienst\" target=\"_blank\" rel=\"noreferrer noopener\">Sozialpsychiatrischer Notdienst<\/a><br>telefonisch, ambulant, mobil: Beratung zu jeder Tages- und Nachtzeit unter der Telefonnummer 01- 31330<\/li>\n<\/ul>\n\n\n\n<p><em><strong>Schweiz<\/strong><\/em><\/p>\n\n\n\n<ul class=\"wp-block-list\">\n<li><strong>Telefonseelsorge \u201eDie Dargebotene Hand\u201c<\/strong><br><a href=\"http:\/\/www.143.ch\/\" target=\"_blank\" rel=\"noreferrer noopener\">www.143.ch<\/a>&nbsp;anonyme, kostenlose Beratung zu jeder Tages- und Nachtzeit unter der Telefonnummer 143<\/li>\n\n\n\n<li><strong>Angst- und Panikhilfe Schweiz (aphs)<\/strong><br>Die aphs bietet rund um das Thema Angstst\u00f6rungen eine nationale Telefon-Hotline an und vermittelt professionelle Hilfe.<br>Die Hotline kann \u00fcber folgende Kan\u00e4le erreicht werden:<br>\u00a0<ul><li>per Telefon: 0848 801 109 (Max. CHF 0.08\/Min. ab Festnetz, Mobiltarife gem\u00e4ss Anbieter)per E-Mail: hotline@aphs.ch\u00a0<\/li><\/ul>Website:\u00a0<a href=\"https:\/\/www.aphs.ch\/hotline\/\" target=\"_blank\" rel=\"noreferrer noopener\">https:\/\/www.aphs.ch\/hotline\/<\/a><\/li>\n<\/ul>\n\n\n\n<p><em><strong>S\u00fcdtirol<\/strong><\/em><\/p>\n\n\n\n<ul class=\"wp-block-list\">\n<li><strong>Die Gr\u00fcne Nummer (Caritas)<\/strong><br><a href=\"https:\/\/caritas.bz.it\/hilfe-beratung\/seelische-not.html?tx_rolcaservices_pi1%5Baction%5D=show&amp;tx_rolcaservices_pi1%5Bcontroller%5D=Services&amp;tx_rolcaservices_pi1%5Bservices%5D=12&amp;cHash=5a5eda1cbab7d890d65aade4aae70546\" data-type=\"URL\" data-id=\"https:\/\/caritas.bz.it\/hilfe-beratung\/seelische-not.html?tx_rolcaservices_pi1%5Baction%5D=show&amp;tx_rolcaservices_pi1%5Bcontroller%5D=Services&amp;tx_rolcaservices_pi1%5Bservices%5D=12&amp;cHash=5a5eda1cbab7d890d65aade4aae70546\" target=\"_blank\" rel=\"noreferrer noopener\">www.caritas.bz.it&nbsp;(Telefonseelsorge) <\/a>anonyme, kostenlose Beratung zu jeder Tages- und Nachtzeit unter der Telefonnummer 840 000 481<\/li>\n\n\n\n<li>Telefono amico Telefonnummer <strong>0471 052 052<\/strong><\/li>\n<\/ul>\n\n\n\n<h2 class=\"wp-block-heading\">Psychischer Notfall kann Soforthilfe erforderlich machen<\/h2>\n\n\n\n<p>Kommt es zu einem psychischen Zusammenbruch, brauchen Menschen manchmal sofort professionelle Hilfe, die rasche Entlastung und Kl\u00e4rung herbeif\u00fchrt. Je dramatischer die akute Krise ist, desto mehr ist aktives Handeln vom Umfeld gefragt. Intensit\u00e4t und Dauer einer Krise k\u00f6nnen auch zu suizidalen, lebensm\u00fcden Gedanken und Impulsen f\u00fchren. In einer solchen Eskalation gibt es die M\u00f6glichkeit den Notarzt zu rufen, der durch akute pharmakologische Versorgung und gegebenenfalls Einweisung in eine Klinik f\u00fcr Psychiatrie und Psychotherapie Entlastung einleiten kann. Als Sofortma\u00dfnahme gibt es zudem die M\u00f6glichkeit, eine Notfall-Aufnahme in der Klinik f\u00fcr Psychiatrie und Psychotherapie aufzusuchen. Dort werden entlastende Gespr\u00e4che und bei Bedarf eine pharmakologische Therapie durchgef\u00fchrt sowie weiteren Ma\u00dfnahmen beraten. Gegebenenfalls wird auch das Angebot der weiteren Betreuung durch die psychiatrische Institutsambulanz, Tageskliniken oder eine station\u00e4re Aufnahme besprochen.<\/p>\n\n\n\n<h2 class=\"wp-block-heading\">Nicht jede seelische Krise bedarf professioneller Unterst\u00fctzung<\/h2>\n\n\n\n<p>Viele Krisen k\u00f6nnen alleine, mit Hilfe nahestehender Menschen oder mittels vor\u00fcbergehender Unterst\u00fctzung durch Vertrauenspersonen gemeistert werden. Menschen in psychischen Krisensituationen k\u00f6nnen auch in der Lage sein, eigene Ressourcen zu aktivieren, um die Krise zu \u00fcberwinden. Wesentlich ist dabei, dass sie nicht alleine gelassen werden \u2013 ihre Familie, Freunde und Bekannte Unterst\u00fctzung signalisieren sowie Gespr\u00e4che anbieten. Grunds\u00e4tzlich ist es hilfreich, das Stressniveau zu senken, einer Reiz\u00fcberflutung entgegenzuwirken, Betroffen ein Gef\u00fchl von Sicherheit zu vermitteln und Belastungen zu reduzieren. Um die Personen in ihrer Selbstregulation zu unterst\u00fctzen, kann es beispielsweise hilfreich sein, sie anzuregen und dabei zu begleiten, das zu tun, was ihnen aus ihrer Erfahrung heraus gut tut, etwa einen Spaziergang machen, Routinen aufnehmen oder die Wohnung aufr\u00e4umen oder etwas zu kochen.<\/p>\n\n\n\n<p>Entspannungs\u00fcbungen sind hingegen in schweren Krisensituationen oft nicht ratsam, weil sie die Innenbetrachtung verst\u00e4rken und zu weiterer Anspannung f\u00fchren k\u00f6nnen.<\/p>\n\n\n\n<p>F\u00fcr Menschen in einer psychischen Notlage ist es allerdings h\u00e4ufig schwierig, Hilfe von au\u00dfen anzunehmen. Familie und Freunde sollten den Betroffenen deshalb motivieren und dabei begleiten, professionelle Hilfe anzunehmen sowie gegebenenfalls selbst beim sozialpsychiatrischen Dienst des Wohnortes oder einer Beratungsstelle Informationen \u00fcber m\u00f6gliche Hilfen einholen.<\/p>\n\n\n\n<p>F\u00fchren die Ma\u00dfnahmen der Belastungsreduktion, Entspannung und die kl\u00e4renden Gespr\u00e4che im Umfeld nicht zu einer Bew\u00e4ltigung der Krise, k\u00f6nnen sich die Betroffenen an verschiedene professionelle Anlaufstellen wenden. Solche Anlaufstellen sind unter anderem der Sozialpsychiatrische Dienst im Gesundheitsamt jeder Stadt, psychosoziale Kontakt- und Beratungsstellen, psychiatrische Institutsambulanzen oder auch Fach\u00e4rzte f\u00fcr Psychiatrie und Psychotherapie.<\/p>\n\n\n\n<p>Fachliche Unterst\u00fctzung: Dr. Christa Roth-Sackenheim, Andernach (BVDP), Dr. Iris Hauth, Berlin (DGPPN)<\/p>\n\n\n\n<p>Zitiert von folgender <a rel=\"noreferrer noopener\" href=\"https:\/\/www.neurologen-und-psychiater-im-netz.org\/krise-notfall\/akute-psychische-krise\/\" data-type=\"URL\" data-id=\"https:\/\/www.neurologen-und-psychiater-im-netz.org\/krise-notfall\/akute-psychische-krise\/\" target=\"_blank\">Quelle<\/a> <a href=\"https:\/\/www.neurologen-und-psychiater-im-netz.org\/krise-notfall\/akute-psychische-krise\/\">Akute Psychische Krise \u00bb Krise &amp; Notfall \u00bb Neurologen und Psychiater im Netz \u00bb (neurologen-und-psychiater-im-netz.org)<\/a><\/p>\n","protected":false},"excerpt":{"rendered":"<p>Psychische Krisen k\u00f6nnen jeden Menschen treffen, unabh\u00e4ngig von Alter, Bildung, Beruf, Herkunft und sozialem Status. Dabei kann eine Krise aus einer kurzfristig einwirkenden Belastung wie einer Schockreaktion aufgrund einer realen [&hellip;]<\/p>\n","protected":false},"author":1,"featured_media":0,"parent":0,"menu_order":0,"comment_status":"closed","ping_status":"closed","template":"","meta":{"footnotes":""},"class_list":["post-701","page","type-page","status-publish","hentry"],"_links":{"self":[{"href":"https:\/\/kreativ-gegen-depression.de\/index.php?rest_route=\/wp\/v2\/pages\/701","targetHints":{"allow":["GET"]}}],"collection":[{"href":"https:\/\/kreativ-gegen-depression.de\/index.php?rest_route=\/wp\/v2\/pages"}],"about":[{"href":"https:\/\/kreativ-gegen-depression.de\/index.php?rest_route=\/wp\/v2\/types\/page"}],"author":[{"embeddable":true,"href":"https:\/\/kreativ-gegen-depression.de\/index.php?rest_route=\/wp\/v2\/users\/1"}],"replies":[{"embeddable":true,"href":"https:\/\/kreativ-gegen-depression.de\/index.php?rest_route=%2Fwp%2Fv2%2Fcomments&post=701"}],"version-history":[{"count":8,"href":"https:\/\/kreativ-gegen-depression.de\/index.php?rest_route=\/wp\/v2\/pages\/701\/revisions"}],"predecessor-version":[{"id":943,"href":"https:\/\/kreativ-gegen-depression.de\/index.php?rest_route=\/wp\/v2\/pages\/701\/revisions\/943"}],"wp:attachment":[{"href":"https:\/\/kreativ-gegen-depression.de\/index.php?rest_route=%2Fwp%2Fv2%2Fmedia&parent=701"}],"curies":[{"name":"wp","href":"https:\/\/api.w.org\/{rel}","templated":true}]}}